{"id":2878,"date":"2016-11-30T15:23:37","date_gmt":"2016-11-30T14:23:37","guid":{"rendered":"http:\/\/www.bildung.sachsen.de\/blog\/?page_id=2878"},"modified":"2016-12-13T12:43:08","modified_gmt":"2016-12-13T11:43:08","slug":"e-mail-abo","status":"publish","type":"page","link":"https:\/\/www.bildung.sachsen.de\/blog\/index.php\/e-mail-abo\/","title":{"rendered":"E-Mail-Abo"},"content":{"rendered":"<p>Wir halten Sie auf dem aktuellen Stand.<\/p>\n<p>Sie melden sich einmalig und kostenfrei an und ohne dass Sie aktiv werden m\u00fcssen, erhalten Sie regelm\u00e4\u00dfig E-Mail-Informationen &#8211; \u00e4hnlich dem Abonnement einer Zeitung.<\/p>\n<p>W\u00e4hlen Sie in der <a href=\"http:\/\/www.bildung.sachsen.de\/5798.htm\">Newsletter-Verwaltung<\/a> aus, \u00fcber welche Ereignisse Sie sofort informiert werden m\u00f6chten und hinterlassen Sie Ihre E-Mail-Adresse.<\/p>\n<p>Selbstverst\u00e4ndlich werden wir diese Daten nur zum angegebenen Zweck verwenden und nicht an Dritte weiter geben.<\/p>\n","protected":false},"excerpt":{"rendered":"<p>Wir halten Sie auf dem aktuellen Stand. Sie melden sich einmalig und kostenfrei an und ohne dass Sie aktiv werden m\u00fcssen, erhalten Sie regelm\u00e4\u00dfig E-Mail-Informationen &#8211; \u00e4hnlich dem Abonnement einer Zeitung. W\u00e4hlen Sie in der Newsletter-Verwaltung aus, \u00fcber welche Ereignisse Sie sofort informiert werden m\u00f6chten und hinterlassen Sie Ihre E-Mail-Adresse. Selbstverst\u00e4ndlich werden wir diese Daten [&hellip;]<\/p>\n","protected":false},"author":1,"featured_media":0,"parent":0,"menu_order":0,"comment_status":"closed","ping_status":"closed","template":"","meta":{"footnotes":""},"class_list":["post-2878","page","type-page","status-publish","hentry"],"aioseo_notices":[],"_links":{"self":[{"href":"https:\/\/www.bildung.sachsen.de\/blog\/index.php\/wp-json\/wp\/v2\/pages\/2878","targetHints":{"allow":["GET"]}}],"collection":[{"href":"https:\/\/www.bildung.sachsen.de\/blog\/index.php\/wp-json\/wp\/v2\/pages"}],"about":[{"href":"https:\/\/www.bildung.sachsen.de\/blog\/index.php\/wp-json\/wp\/v2\/types\/page"}],"author":[{"embeddable":true,"href":"https:\/\/www.bildung.sachsen.de\/blog\/index.php\/wp-json\/wp\/v2\/users\/1"}],"replies":[{"embeddable":true,"href":"https:\/\/www.bildung.sachsen.de\/blog\/index.php\/wp-json\/wp\/v2\/comments?post=2878"}],"version-history":[{"count":5,"href":"https:\/\/www.bildung.sachsen.de\/blog\/index.php\/wp-json\/wp\/v2\/pages\/2878\/revisions"}],"predecessor-version":[{"id":2985,"href":"https:\/\/www.bildung.sachsen.de\/blog\/index.php\/wp-json\/wp\/v2\/pages\/2878\/revisions\/2985"}],"wp:attachment":[{"href":"https:\/\/www.bildung.sachsen.de\/blog\/index.php\/wp-json\/wp\/v2\/media?parent=2878"}],"curies":[{"name":"wp","href":"https:\/\/api.w.org\/{rel}","templated":true}]}}