{"id":1862,"date":"2016-05-30T12:32:53","date_gmt":"2016-05-30T10:32:53","guid":{"rendered":"http:\/\/www.bildung.sachsen.de\/blog\/?page_id=1862"},"modified":"2020-12-03T08:57:37","modified_gmt":"2020-12-03T07:57:37","slug":"netiquette","status":"publish","type":"page","link":"https:\/\/www.bildung.sachsen.de\/blog\/index.php\/netiquette\/","title":{"rendered":"Netiquette"},"content":{"rendered":"<h1>Netiquette<\/h1>\n<p>&nbsp;<\/p>\n<p>Liebe Nutzerinnen und Nutzer,<\/p>\n<p>die Pressestelle des S\u00e4chsischen Staatsministeriums f\u00fcr Kultus hat den <a href=\"https:\/\/www.bildung.sachsen.de\/blog\">SMK-Blog<\/a> ins Leben gerufen und ist auf <a href=\"http:\/\/www.facebook.com\/SMKsachsen\">Facebook<\/a>, <a href=\"http:\/\/www.instagram.com\/smksachsen\">Instagram<\/a>, <a href=\"http:\/\/www.twitter.com\/Bildung_Sachsen\">Twitter<\/a> und <a href=\"http:\/\/www.youtube.com\/channel\/UC6qlQBstErXU5ch1vbRjJ7Q\">YouTube<\/a> aktiv. So k\u00f6nnen Sie sich auf der Grundlage zuverl\u00e4ssiger Quellen \u00fcber Bildungspolitik und Neuigkeiten in Sachsens Bildungssystem informieren. Wir freuen uns \u00fcber Ihre Kommentare und R\u00fcckmeldungen zu unseren Beitr\u00e4gen, Fragen und Anregungen.<\/p>\n<p>Damit eine ernsthafte und konstruktive Diskussion gef\u00fchrt werden kann, in der sich alle wohlf\u00fchlen, werden alle Beteiligten gebeten, die folgenden Regeln einzuhalten:<\/p>\n<ul>\n<li>Achten Sie stets auf einen sachlichen, h\u00f6flichen und respektvollen Ton, mit dem Sie auch selbst angesprochen werden m\u00f6chten.<\/li>\n<li>Unterlassen Sie beleidigende \u00c4u\u00dferungen und pers\u00f6nliche Angriffe sowie Kommentare mit diskriminierenden, gewaltverherrlichenden, rassistischen, sexistischen, vulg\u00e4ren, hasserf\u00fcllten und\/oder gesetzeswidrigen \u00c4u\u00dferungen oder Inhalten.<\/li>\n<li>Da das Thema des jeweiligen Beitrags im Vordergrund stehen soll, sind ausschlie\u00dflich Kommentare mit einem sachlichen Bezug zur Thematik erw\u00fcnscht.<\/li>\n<li>Kommentare, die Links zu externen Seiten enthalten, werden nicht ver\u00f6ffentlicht.<\/li>\n<li>Auch auf kommerzielle Beitr\u00e4ge oder Werbung ist zu verzichten.<\/li>\n<li>Geben Sie zu Ihrem eigenen Schutz in der \u00f6ffentlichen Kommunikation \u00fcber Social-Media-Kan\u00e4le keine sensiblen Daten an. Auch private oder vertrauliche Informationen \u00fcber andere Personen sind nicht f\u00fcr die \u00d6ffentlichkeit bestimmt und geh\u00f6ren daher nicht in eine \u00f6ffentliche Diskussion in einem sozialen Netzwerk.<\/li>\n<li>Wir erwarten, dass Sie beim Kommentieren das Urheberrecht wahren. \u00dcberpr\u00fcfen Sie vor der Verwendung von Bildern, Filmen, Darstellungen etc. innerhalb eines Kommentars, ob Sie \u00fcber die erforderlichen Nutzungsrechte verf\u00fcgen. Geben Sie bei Zitaten deren Quelle an. Als Verfasser eines Kommentars haften allein Sie, wenn dieser gegen das Urheberrecht oder sonstiges Recht verst\u00f6\u00dft.<\/li>\n<li>Anonym gestellte Fragen werden nicht in allen F\u00e4llen beantwortet.<\/li>\n<\/ul>\n<h3>L\u00f6schung von Kommentaren, Deaktivierung der Kommentarfunktion und<br \/>\nSperrung von Nutzern<\/h3>\n<p>Die Redaktion beh\u00e4lt sich vor, Kommentare nicht freizuschalten oder zu l\u00f6schen, wenn sie gegen Rechtsvorschriften oder diese Netiquette versto\u00dfen. St\u00e4ndige Wiederholungen oder Spam werden ebenfalls gel\u00f6scht. Nutzerinnen und Nutzer, die gegen Rechtsvorschriften oder schwer bzw. wiederholt gegen unsere Kommentierungsregeln versto\u00dfen, k\u00f6nnen gesperrt werden. Es besteht kein Anspruch auf eine Ver\u00f6ffentlichung bzw. Beantwortung von Kommentaren.<\/p>\n<p>Dar\u00fcber hinaus gelten die Nutzungsbedingungen des jeweiligen sozialen Netzwerks. Kommentare, die gegen die Regeln oder die Allgemeinen Gesch\u00e4ftsbedingungen des jeweiligen Seitenbetreibers versto\u00dfen, werden durch uns an diesen gemeldet.<\/p>\n<ul>\n<li>Allgemeinen Gesch\u00e4ftsbedingungen <a href=\"https:\/\/www.facebook.com\/legal\/terms\/\">Facebook<\/a><\/li>\n<li>Allgemeinen Gesch\u00e4ftsbedingungen <a href=\"https:\/\/www.facebook.com\/help\/instagram\/478745558852511\">Instagram<\/a><\/li>\n<li>Allgemeinen Gesch\u00e4ftsbedingungen <a href=\"http:\/\/www.twitter.com\/de\/tos\">Twitter <\/a><\/li>\n<li>Allgemeinen Gesch\u00e4ftsbedingungen <a href=\"https:\/\/www.youtube.com\/static?gl=DE&amp;template=terms&amp;hl=de\">YouTube<\/a><\/li>\n<\/ul>\n<p>Erfahrungsgem\u00e4\u00df sind innerhalb kurzer Zeit alle Meinungen und Argumente ausgetauscht. Um die \u00dcbersichtlichkeit im Blog zu erhalten, wird die Kommentarfunktion nach sp\u00e4testens sieben Tagen deaktiviert.<\/p>\n<h3>Erreichbarkeit<\/h3>\n<p>Die Pressestelle betreut den SMK-Blog und die Social-Media-Kan\u00e4le werktags von Montag bis Freitag zwischen 9.00 und 17.00 Uhr. Wir sind bem\u00fcht, Ihnen schnellstm\u00f6glich zu antworten. Wenn Sie uns abends oder am Wochenende schreiben, regieren wir am nachfolgenden Werktag gern auf Ihre Beitr\u00e4ge.<\/p>\n<p>&nbsp;<\/p>\n<p>Wir danken f\u00fcr Ihr Verst\u00e4ndnis und freuen uns auf den Dialog mit Ihnen!<\/p>\n","protected":false},"excerpt":{"rendered":"<p>Netiquette &nbsp; Liebe Nutzerinnen und Nutzer, die Pressestelle des S\u00e4chsischen Staatsministeriums f\u00fcr Kultus hat den SMK-Blog ins Leben gerufen und ist auf Facebook, Instagram, Twitter und YouTube aktiv. So k\u00f6nnen Sie sich auf der Grundlage zuverl\u00e4ssiger Quellen \u00fcber Bildungspolitik und Neuigkeiten in Sachsens Bildungssystem informieren. Wir freuen uns \u00fcber Ihre Kommentare und R\u00fcckmeldungen zu unseren [&hellip;]<\/p>\n","protected":false},"author":1,"featured_media":0,"parent":0,"menu_order":0,"comment_status":"closed","ping_status":"closed","template":"","meta":{"footnotes":""},"class_list":["post-1862","page","type-page","status-publish","hentry"],"aioseo_notices":[],"_links":{"self":[{"href":"https:\/\/www.bildung.sachsen.de\/blog\/index.php\/wp-json\/wp\/v2\/pages\/1862","targetHints":{"allow":["GET"]}}],"collection":[{"href":"https:\/\/www.bildung.sachsen.de\/blog\/index.php\/wp-json\/wp\/v2\/pages"}],"about":[{"href":"https:\/\/www.bildung.sachsen.de\/blog\/index.php\/wp-json\/wp\/v2\/types\/page"}],"author":[{"embeddable":true,"href":"https:\/\/www.bildung.sachsen.de\/blog\/index.php\/wp-json\/wp\/v2\/users\/1"}],"replies":[{"embeddable":true,"href":"https:\/\/www.bildung.sachsen.de\/blog\/index.php\/wp-json\/wp\/v2\/comments?post=1862"}],"version-history":[{"count":13,"href":"https:\/\/www.bildung.sachsen.de\/blog\/index.php\/wp-json\/wp\/v2\/pages\/1862\/revisions"}],"predecessor-version":[{"id":8587,"href":"https:\/\/www.bildung.sachsen.de\/blog\/index.php\/wp-json\/wp\/v2\/pages\/1862\/revisions\/8587"}],"wp:attachment":[{"href":"https:\/\/www.bildung.sachsen.de\/blog\/index.php\/wp-json\/wp\/v2\/media?parent=1862"}],"curies":[{"name":"wp","href":"https:\/\/api.w.org\/{rel}","templated":true}]}}